{"id":2,"date":"2019-05-11T10:42:27","date_gmt":"2019-05-11T08:42:27","guid":{"rendered":"http:\/\/zachmitlas.com\/?page_id=2"},"modified":"2020-04-22T18:40:02","modified_gmt":"2020-04-22T16:40:02","slug":"home","status":"publish","type":"page","link":"https:\/\/zachmitlas.com\/","title":{"rendered":""},"content":{"rendered":"\n<div class=\"wp-block-image\"><figure class=\"alignleft size-full is-resized\"><a href=\"http:\/\/zachmitlas.com\/index.php\/path-to-no-end-2019\/\"><img src=\"http:\/\/zachmitlas.com\/wp-content\/uploads\/2019\/10\/2_Linz-overall_retouch-walls.jpg\" alt=\"\" class=\"wp-image-6\" width=\"1024\" srcset=\"https:\/\/zachmitlas.com\/wp-content\/uploads\/2019\/10\/2_Linz-overall_retouch-walls.jpg 5484w, https:\/\/zachmitlas.com\/wp-content\/uploads\/2019\/10\/2_Linz-overall_retouch-walls-300x206.jpg 300w, https:\/\/zachmitlas.com\/wp-content\/uploads\/2019\/10\/2_Linz-overall_retouch-walls-768x526.jpg 768w, https:\/\/zachmitlas.com\/wp-content\/uploads\/2019\/10\/2_Linz-overall_retouch-walls-1024x702.jpg 1024w, https:\/\/zachmitlas.com\/wp-content\/uploads\/2019\/10\/2_Linz-overall_retouch-walls-1568x1074.jpg 1568w\" sizes=\"(max-width: 5484px) 100vw, 5484px\" \/><\/a><\/figure><\/div>\n\n\n\n<p><\/p>\n\n\n\n<p class=\"has-text-color has-small-font-size has-very-dark-gray-color\"><br><br><br><em><a href=\"http:\/\/zachmitlas.com\/index.php\/path-to-no-end-2019\/\">Path to no end<\/a><\/em>, huile et acrylique sur feuilles d\u2019aluminium, bois, bande sonore, 60 x 45 x 1400 cm (autour de la pi\u00e8ce) <br>atelier ouvert, Atelierhaus Salzamt, Linz, Autriche, r\u00e9sidence soutenue par CreArt, co-sponsoris\u00e9e par l\u2019Union europ\u00e9enne   <\/p>\n","protected":false},"excerpt":{"rendered":"<p>Path to no end, huile et acrylique sur feuilles d\u2019aluminium, bois, bande sonore, 60 x 45 x 1400 cm (autour de la pi\u00e8ce) atelier ouvert, Atelierhaus Salzamt, Linz, Autriche, r\u00e9sidence soutenue par CreArt, co-sponsoris\u00e9e par l\u2019Union europ\u00e9enne<\/p>\n","protected":false},"author":1,"featured_media":0,"parent":0,"menu_order":0,"comment_status":"closed","ping_status":"closed","template":"","meta":[],"_links":{"self":[{"href":"https:\/\/zachmitlas.com\/index.php\/wp-json\/wp\/v2\/pages\/2"}],"collection":[{"href":"https:\/\/zachmitlas.com\/index.php\/wp-json\/wp\/v2\/pages"}],"about":[{"href":"https:\/\/zachmitlas.com\/index.php\/wp-json\/wp\/v2\/types\/page"}],"author":[{"embeddable":true,"href":"https:\/\/zachmitlas.com\/index.php\/wp-json\/wp\/v2\/users\/1"}],"replies":[{"embeddable":true,"href":"https:\/\/zachmitlas.com\/index.php\/wp-json\/wp\/v2\/comments?post=2"}],"version-history":[{"count":15,"href":"https:\/\/zachmitlas.com\/index.php\/wp-json\/wp\/v2\/pages\/2\/revisions"}],"predecessor-version":[{"id":488,"href":"https:\/\/zachmitlas.com\/index.php\/wp-json\/wp\/v2\/pages\/2\/revisions\/488"}],"wp:attachment":[{"href":"https:\/\/zachmitlas.com\/index.php\/wp-json\/wp\/v2\/media?parent=2"}],"curies":[{"name":"wp","href":"https:\/\/api.w.org\/{rel}","templated":true}]}}